{"id":9,"date":"2018-11-07T10:38:26","date_gmt":"2018-11-07T09:38:26","guid":{"rendered":"http:\/\/athome-champery.ch\/?page_id=9"},"modified":"2021-12-07T20:51:08","modified_gmt":"2021-12-07T19:51:08","slug":"contact","status":"publish","type":"page","link":"https:\/\/athome-champery.ch\/?page_id=9","title":{"rendered":"Contact"},"content":{"rendered":"<h2>Nous sommes disponible par mail ou par t\u00e9l\u00e9phone, n&#8217;h\u00e9sitez pas \u00e0 nous contacter, nous nous ferons un plaisir de r\u00e9pondre \u00e0 vos questions.<\/h2>\n\n\n<div class=\"wp-block-buttons\">\n<div class=\"wp-block-button\"><a class=\"wp-block-button__link\" href=\"mailto:contact@athome-champery.ch\">  Envoyer un mail  <\/a><\/div>\n\n\n\n<div class=\"wp-block-button\"><a class=\"wp-block-button__link\" href=\"tel:+33245651008\">  T\u00e9l\u00e9phoner  <\/a><\/div>\n<\/div>\n\n\n\n<p><\/p>\n","protected":false},"excerpt":{"rendered":"<p>Nous sommes disponible par mail ou par t\u00e9l\u00e9phone, n&#8217;h\u00e9sitez pas \u00e0 nous contacter, nous nous ferons un plaisir de r\u00e9pondre \u00e0 vos questions.<\/p>\n","protected":false},"author":1,"featured_media":32,"parent":0,"menu_order":0,"comment_status":"closed","ping_status":"closed","template":"","meta":[],"_links":{"self":[{"href":"https:\/\/athome-champery.ch\/index.php?rest_route=\/wp\/v2\/pages\/9"}],"collection":[{"href":"https:\/\/athome-champery.ch\/index.php?rest_route=\/wp\/v2\/pages"}],"about":[{"href":"https:\/\/athome-champery.ch\/index.php?rest_route=\/wp\/v2\/types\/page"}],"author":[{"embeddable":true,"href":"https:\/\/athome-champery.ch\/index.php?rest_route=\/wp\/v2\/users\/1"}],"replies":[{"embeddable":true,"href":"https:\/\/athome-champery.ch\/index.php?rest_route=%2Fwp%2Fv2%2Fcomments&post=9"}],"version-history":[{"count":8,"href":"https:\/\/athome-champery.ch\/index.php?rest_route=\/wp\/v2\/pages\/9\/revisions"}],"predecessor-version":[{"id":244,"href":"https:\/\/athome-champery.ch\/index.php?rest_route=\/wp\/v2\/pages\/9\/revisions\/244"}],"wp:featuredmedia":[{"embeddable":true,"href":"https:\/\/athome-champery.ch\/index.php?rest_route=\/wp\/v2\/media\/32"}],"wp:attachment":[{"href":"https:\/\/athome-champery.ch\/index.php?rest_route=%2Fwp%2Fv2%2Fmedia&parent=9"}],"curies":[{"name":"wp","href":"https:\/\/api.w.org\/{rel}","templated":true}]}}