{"id":11,"date":"2018-11-07T10:38:26","date_gmt":"2018-11-07T09:38:26","guid":{"rendered":"http:\/\/athome-champery.ch\/?page_id=11"},"modified":"2024-12-16T11:54:54","modified_gmt":"2024-12-16T10:54:54","slug":"une-section-de-page-daccueil","status":"publish","type":"page","link":"https:\/\/athome-champery.ch\/?page_id=11","title":{"rendered":"Coin Restaurant"},"content":{"rendered":"\n<blockquote class=\"wp-block-quote\"><p><strong>\u00c0 l\u2019At&#8217;home, vous aimerez d\u00e9guster une cuisine cr\u00e9ative, locale et raffin\u00e9e en terrasse ou dans cette salle feutr\u00e9e, lumineuse et si joliment d\u00e9cor\u00e9e.<\/strong><\/p><\/blockquote>\n\n\n\n<h5><strong>Nouveaux horaires :<\/strong><\/h5>\n\n\n\n<p><strong>17h\/2h &#8211; Ferm\u00e9 le lundi hors saison haute\u00a0<br><\/strong><\/p>\n\n\n\n<pre class=\"wp-block-preformatted\"><a rel=\"noreferrer noopener\" href=\"http:\/\/athome-champery.ch\/wp-content\/uploads\/2024\/12\/Carte-hiver-2425.pdf\" target=\"_blank\">CONSULTER LE MENU<\/a>\n\n<a href=\"http:\/\/athome-champery.ch\/wp-content\/uploads\/2024\/12\/Menus-NoelNouvel-an-2425.pdf\" target=\"_blank\" rel=\"noreferrer noopener\">MENUS DE NO\u00cbL &amp; NOUVEL AN<\/a><\/pre>\n\n\n\n<p><\/p>\n","protected":false},"excerpt":{"rendered":"<p>\u00c0 l\u2019At&#8217;home, vous aimerez d\u00e9guster une cuisine cr\u00e9ative, locale et raffin\u00e9e en terrasse ou dans cette salle feutr\u00e9e, lumineuse et si joliment d\u00e9cor\u00e9e. Nouveaux horaires : 17h\/2h &#8211; Ferm\u00e9 le lundi hors saison haute\u00a0 CONSULTER LE MENU MENUS DE NO\u00cbL &amp; NOUVEL AN<\/p>\n","protected":false},"author":1,"featured_media":79,"parent":0,"menu_order":0,"comment_status":"closed","ping_status":"closed","template":"","meta":[],"_links":{"self":[{"href":"https:\/\/athome-champery.ch\/index.php?rest_route=\/wp\/v2\/pages\/11"}],"collection":[{"href":"https:\/\/athome-champery.ch\/index.php?rest_route=\/wp\/v2\/pages"}],"about":[{"href":"https:\/\/athome-champery.ch\/index.php?rest_route=\/wp\/v2\/types\/page"}],"author":[{"embeddable":true,"href":"https:\/\/athome-champery.ch\/index.php?rest_route=\/wp\/v2\/users\/1"}],"replies":[{"embeddable":true,"href":"https:\/\/athome-champery.ch\/index.php?rest_route=%2Fwp%2Fv2%2Fcomments&post=11"}],"version-history":[{"count":56,"href":"https:\/\/athome-champery.ch\/index.php?rest_route=\/wp\/v2\/pages\/11\/revisions"}],"predecessor-version":[{"id":316,"href":"https:\/\/athome-champery.ch\/index.php?rest_route=\/wp\/v2\/pages\/11\/revisions\/316"}],"wp:featuredmedia":[{"embeddable":true,"href":"https:\/\/athome-champery.ch\/index.php?rest_route=\/wp\/v2\/media\/79"}],"wp:attachment":[{"href":"https:\/\/athome-champery.ch\/index.php?rest_route=%2Fwp%2Fv2%2Fmedia&parent=11"}],"curies":[{"name":"wp","href":"https:\/\/api.w.org\/{rel}","templated":true}]}}